{"id":13304,"date":"2017-07-05T09:46:08","date_gmt":"2017-07-05T08:46:08","guid":{"rendered":"https:\/\/www.finessence.fr\/?page_id=13304"},"modified":"2018-10-02T06:00:07","modified_gmt":"2018-10-02T05:00:07","slug":"guides-et-conseils","status":"publish","type":"page","link":"https:\/\/sitecyber.dephystech.net\/en\/guides-et-conseils\/","title":{"rendered":"Guides &#038; Advices"},"content":{"rendered":"<p><\/p>\n<p>Essential Oil &amp; Vegetal Oil<\/p>\n<p><\/p>","protected":false},"excerpt":{"rendered":"<p>Essential Oil &amp; Vegetal Oil<\/p>\n","protected":false},"author":1,"featured_media":0,"parent":0,"menu_order":0,"comment_status":"closed","ping_status":"closed","template":"page-guides-et-conseils.php","meta":{"_acf_changed":false,"_seopress_robots_primary_cat":"","_seopress_titles_title":"","_seopress_titles_desc":"Pour vous accompagner dans votre d\u00e9couverte du monde fabuleux des huiles essentielles et des huiles v\u00e9g\u00e9tales, Finessence vous proposent ce guide facile de l'aromath\u00e9rapie.","_seopress_robots_index":"","footnotes":""},"class_list":["post-13304","page","type-page","status-publish","hentry"],"acf":[],"_links":{"self":[{"href":"https:\/\/sitecyber.dephystech.net\/en\/wp-json\/wp\/v2\/pages\/13304","targetHints":{"allow":["GET"]}}],"collection":[{"href":"https:\/\/sitecyber.dephystech.net\/en\/wp-json\/wp\/v2\/pages"}],"about":[{"href":"https:\/\/sitecyber.dephystech.net\/en\/wp-json\/wp\/v2\/types\/page"}],"author":[{"embeddable":true,"href":"https:\/\/sitecyber.dephystech.net\/en\/wp-json\/wp\/v2\/users\/1"}],"replies":[{"embeddable":true,"href":"https:\/\/sitecyber.dephystech.net\/en\/wp-json\/wp\/v2\/comments?post=13304"}],"version-history":[{"count":5,"href":"https:\/\/sitecyber.dephystech.net\/en\/wp-json\/wp\/v2\/pages\/13304\/revisions"}],"predecessor-version":[{"id":14835,"href":"https:\/\/sitecyber.dephystech.net\/en\/wp-json\/wp\/v2\/pages\/13304\/revisions\/14835"}],"wp:attachment":[{"href":"https:\/\/sitecyber.dephystech.net\/en\/wp-json\/wp\/v2\/media?parent=13304"}],"curies":[{"name":"wp","href":"https:\/\/api.w.org\/{rel}","templated":true}]}}